{"id":86,"date":"2022-07-28T10:16:27","date_gmt":"2022-07-28T08:16:27","guid":{"rendered":"https:\/\/www.bressuireac.fr\/?page_id=86"},"modified":"2026-03-16T22:26:10","modified_gmt":"2026-03-16T21:26:10","slug":"prix-de-la-ville","status":"publish","type":"page","link":"https:\/\/www.bressuireac.fr\/?page_id=86","title":{"rendered":"Bressuire                                                                                     Souvenir David Magnie                                  3\u00eame manche Tour de l&rsquo;Avenir Bocain"},"content":{"rendered":"\n<p><\/p>\n\n\n\n<p><\/p>\n\n\n\n<p>Voici les r\u00e9sultats des diff\u00e9rentes courses ci dessous : <\/p>\n\n\n\n<figure class=\"wp-block-gallery aligncenter has-nested-images columns-default is-cropped wp-block-gallery-1 is-layout-flex wp-block-gallery-is-layout-flex\"><\/figure>\n","protected":false},"excerpt":{"rendered":"<p>Voici les r\u00e9sultats des diff\u00e9rentes courses ci dessous :<\/p>\n","protected":false},"author":2,"featured_media":0,"parent":0,"menu_order":0,"comment_status":"closed","ping_status":"closed","template":"","meta":{"footnotes":""},"class_list":["post-86","page","type-page","status-publish","hentry"],"yoast_head":"<!-- This site is optimized with the Yoast SEO plugin v27.3 - https:\/\/yoast.com\/product\/yoast-seo-wordpress\/ -->\n<title>Bressuire                                           Souvenir David Magnie                 3\u00eame manche Tour de l&#039;Avenir Bocain - Bressuire Activit\u00e9s Cyclistes<\/title>\n<meta name=\"robots\" content=\"index, follow, max-snippet:-1, max-image-preview:large, max-video-preview:-1\" \/>\n<link rel=\"canonical\" href=\"https:\/\/www.bressuireac.fr\/?page_id=86\" \/>\n<meta property=\"og:locale\" content=\"fr_FR\" \/>\n<meta property=\"og:type\" content=\"article\" \/>\n<meta property=\"og:title\" content=\"Bressuire                                           Souvenir David Magnie                 3\u00eame manche Tour de l&#039;Avenir Bocain - Bressuire Activit\u00e9s Cyclistes\" \/>\n<meta property=\"og:description\" content=\"Voici les r\u00e9sultats des diff\u00e9rentes courses ci dessous :\" \/>\n<meta property=\"og:url\" content=\"https:\/\/www.bressuireac.fr\/?page_id=86\" \/>\n<meta property=\"og:site_name\" content=\"Bressuire Activit\u00e9s Cyclistes\" \/>\n<meta property=\"article:publisher\" content=\"https:\/\/www.facebook.com\/BACjauneetbleu\/\" \/>\n<meta property=\"article:modified_time\" content=\"2026-03-16T21:26:10+00:00\" \/>\n<meta name=\"twitter:card\" content=\"summary_large_image\" \/>\n<meta name=\"twitter:label1\" content=\"Dur\u00e9e de lecture estim\u00e9e\" \/>\n\t<meta name=\"twitter:data1\" content=\"1 minute\" \/>\n<script type=\"application\/ld+json\" class=\"yoast-schema-graph\">{\"@context\":\"https:\\\/\\\/schema.org\",\"@graph\":[{\"@type\":\"WebPage\",\"@id\":\"https:\\\/\\\/www.bressuireac.fr\\\/?page_id=86\",\"url\":\"https:\\\/\\\/www.bressuireac.fr\\\/?page_id=86\",\"name\":\"Bressuire Souvenir David Magnie 3\u00eame manche Tour de l'Avenir Bocain - Bressuire Activit\u00e9s Cyclistes\",\"isPartOf\":{\"@id\":\"https:\\\/\\\/www.bressuireac.fr\\\/#website\"},\"datePublished\":\"2022-07-28T08:16:27+00:00\",\"dateModified\":\"2026-03-16T21:26:10+00:00\",\"breadcrumb\":{\"@id\":\"https:\\\/\\\/www.bressuireac.fr\\\/?page_id=86#breadcrumb\"},\"inLanguage\":\"fr-FR\",\"potentialAction\":[{\"@type\":\"ReadAction\",\"target\":[\"https:\\\/\\\/www.bressuireac.fr\\\/?page_id=86\"]}]},{\"@type\":\"BreadcrumbList\",\"@id\":\"https:\\\/\\\/www.bressuireac.fr\\\/?page_id=86#breadcrumb\",\"itemListElement\":[{\"@type\":\"ListItem\",\"position\":1,\"name\":\"Accueil\",\"item\":\"https:\\\/\\\/www.bressuireac.fr\\\/\"},{\"@type\":\"ListItem\",\"position\":2,\"name\":\"Bressuire Souvenir David Magnie 3\u00eame manche Tour de l&rsquo;Avenir Bocain\"}]},{\"@type\":\"WebSite\",\"@id\":\"https:\\\/\\\/www.bressuireac.fr\\\/#website\",\"url\":\"https:\\\/\\\/www.bressuireac.fr\\\/\",\"name\":\"Bressuire Activit\u00e9s Cyclistes\",\"description\":\"\",\"publisher\":{\"@id\":\"https:\\\/\\\/www.bressuireac.fr\\\/#organization\"},\"potentialAction\":[{\"@type\":\"SearchAction\",\"target\":{\"@type\":\"EntryPoint\",\"urlTemplate\":\"https:\\\/\\\/www.bressuireac.fr\\\/?s={search_term_string}\"},\"query-input\":{\"@type\":\"PropertyValueSpecification\",\"valueRequired\":true,\"valueName\":\"search_term_string\"}}],\"inLanguage\":\"fr-FR\"},{\"@type\":\"Organization\",\"@id\":\"https:\\\/\\\/www.bressuireac.fr\\\/#organization\",\"name\":\"BRESSUIRE ACTIVITES CYCLISTES\",\"url\":\"https:\\\/\\\/www.bressuireac.fr\\\/\",\"logo\":{\"@type\":\"ImageObject\",\"inLanguage\":\"fr-FR\",\"@id\":\"https:\\\/\\\/www.bressuireac.fr\\\/#\\\/schema\\\/logo\\\/image\\\/\",\"url\":\"https:\\\/\\\/www.bressuireac.fr\\\/wp-content\\\/uploads\\\/2022\\\/07\\\/BAC_Logo_Couleur.png\",\"contentUrl\":\"https:\\\/\\\/www.bressuireac.fr\\\/wp-content\\\/uploads\\\/2022\\\/07\\\/BAC_Logo_Couleur.png\",\"width\":542,\"height\":348,\"caption\":\"BRESSUIRE ACTIVITES CYCLISTES\"},\"image\":{\"@id\":\"https:\\\/\\\/www.bressuireac.fr\\\/#\\\/schema\\\/logo\\\/image\\\/\"},\"sameAs\":[\"https:\\\/\\\/www.facebook.com\\\/BACjauneetbleu\\\/\",\"https:\\\/\\\/www.instagram.com\\\/bressuire_ac\\\/\"]}]}<\/script>\n<!-- \/ Yoast SEO plugin. -->","yoast_head_json":{"title":"Bressuire                                           Souvenir David Magnie                 3\u00eame manche Tour de l'Avenir Bocain - Bressuire Activit\u00e9s Cyclistes","robots":{"index":"index","follow":"follow","max-snippet":"max-snippet:-1","max-image-preview":"max-image-preview:large","max-video-preview":"max-video-preview:-1"},"canonical":"https:\/\/www.bressuireac.fr\/?page_id=86","og_locale":"fr_FR","og_type":"article","og_title":"Bressuire                                           Souvenir David Magnie                 3\u00eame manche Tour de l'Avenir Bocain - Bressuire Activit\u00e9s Cyclistes","og_description":"Voici les r\u00e9sultats des diff\u00e9rentes courses ci dessous :","og_url":"https:\/\/www.bressuireac.fr\/?page_id=86","og_site_name":"Bressuire Activit\u00e9s Cyclistes","article_publisher":"https:\/\/www.facebook.com\/BACjauneetbleu\/","article_modified_time":"2026-03-16T21:26:10+00:00","twitter_card":"summary_large_image","twitter_misc":{"Dur\u00e9e de lecture estim\u00e9e":"1 minute"},"schema":{"@context":"https:\/\/schema.org","@graph":[{"@type":"WebPage","@id":"https:\/\/www.bressuireac.fr\/?page_id=86","url":"https:\/\/www.bressuireac.fr\/?page_id=86","name":"Bressuire Souvenir David Magnie 3\u00eame manche Tour de l'Avenir Bocain - Bressuire Activit\u00e9s Cyclistes","isPartOf":{"@id":"https:\/\/www.bressuireac.fr\/#website"},"datePublished":"2022-07-28T08:16:27+00:00","dateModified":"2026-03-16T21:26:10+00:00","breadcrumb":{"@id":"https:\/\/www.bressuireac.fr\/?page_id=86#breadcrumb"},"inLanguage":"fr-FR","potentialAction":[{"@type":"ReadAction","target":["https:\/\/www.bressuireac.fr\/?page_id=86"]}]},{"@type":"BreadcrumbList","@id":"https:\/\/www.bressuireac.fr\/?page_id=86#breadcrumb","itemListElement":[{"@type":"ListItem","position":1,"name":"Accueil","item":"https:\/\/www.bressuireac.fr\/"},{"@type":"ListItem","position":2,"name":"Bressuire Souvenir David Magnie 3\u00eame manche Tour de l&rsquo;Avenir Bocain"}]},{"@type":"WebSite","@id":"https:\/\/www.bressuireac.fr\/#website","url":"https:\/\/www.bressuireac.fr\/","name":"Bressuire Activit\u00e9s Cyclistes","description":"","publisher":{"@id":"https:\/\/www.bressuireac.fr\/#organization"},"potentialAction":[{"@type":"SearchAction","target":{"@type":"EntryPoint","urlTemplate":"https:\/\/www.bressuireac.fr\/?s={search_term_string}"},"query-input":{"@type":"PropertyValueSpecification","valueRequired":true,"valueName":"search_term_string"}}],"inLanguage":"fr-FR"},{"@type":"Organization","@id":"https:\/\/www.bressuireac.fr\/#organization","name":"BRESSUIRE ACTIVITES CYCLISTES","url":"https:\/\/www.bressuireac.fr\/","logo":{"@type":"ImageObject","inLanguage":"fr-FR","@id":"https:\/\/www.bressuireac.fr\/#\/schema\/logo\/image\/","url":"https:\/\/www.bressuireac.fr\/wp-content\/uploads\/2022\/07\/BAC_Logo_Couleur.png","contentUrl":"https:\/\/www.bressuireac.fr\/wp-content\/uploads\/2022\/07\/BAC_Logo_Couleur.png","width":542,"height":348,"caption":"BRESSUIRE ACTIVITES CYCLISTES"},"image":{"@id":"https:\/\/www.bressuireac.fr\/#\/schema\/logo\/image\/"},"sameAs":["https:\/\/www.facebook.com\/BACjauneetbleu\/","https:\/\/www.instagram.com\/bressuire_ac\/"]}]}},"jetpack-related-posts":[{"id":712,"url":"https:\/\/www.bressuireac.fr\/?page_id=712","url_meta":{"origin":86,"position":0},"title":"28 Juin Montravers                                                          2\u00eame manche Tour de l&rsquo;Avenir Bocain","author":"Damien Berthonneau","date":"16 mars 2026","format":false,"excerpt":"","rel":"","context":"Article similaire","block_context":{"text":"Article similaire","link":""},"img":{"alt_text":"","src":"","width":0,"height":0},"classes":[]},{"id":693,"url":"https:\/\/www.bressuireac.fr\/?page_id=693","url_meta":{"origin":86,"position":1},"title":"02 Mai CHANTELOUP                                               1\u00e8re manche Tour de l&rsquo;Avenir Bocain","author":"Damien Berthonneau","date":"16 mars 2026","format":false,"excerpt":"","rel":"","context":"Article similaire","block_context":{"text":"Article similaire","link":""},"img":{"alt_text":"","src":"https:\/\/i0.wp.com\/www.bressuireac.fr\/wp-content\/uploads\/2026\/03\/Flyer-Chanteloup.jpeg?resize=350%2C200&ssl=1","width":350,"height":200,"srcset":"https:\/\/i0.wp.com\/www.bressuireac.fr\/wp-content\/uploads\/2026\/03\/Flyer-Chanteloup.jpeg?resize=350%2C200&ssl=1 1x, https:\/\/i0.wp.com\/www.bressuireac.fr\/wp-content\/uploads\/2026\/03\/Flyer-Chanteloup.jpeg?resize=525%2C300&ssl=1 1.5x, https:\/\/i0.wp.com\/www.bressuireac.fr\/wp-content\/uploads\/2026\/03\/Flyer-Chanteloup.jpeg?resize=700%2C400&ssl=1 2x"},"classes":[]},{"id":702,"url":"https:\/\/www.bressuireac.fr\/?page_id=702","url_meta":{"origin":86,"position":2},"title":"Tour de l&rsquo;Avenir Bocain","author":"Damien Berthonneau","date":"16 mars 2026","format":false,"excerpt":"reglement tour de l avenir bocainT\u00e9l\u00e9charger","rel":"","context":"Article similaire","block_context":{"text":"Article similaire","link":""},"img":{"alt_text":"","src":"https:\/\/i0.wp.com\/www.bressuireac.fr\/wp-content\/uploads\/2026\/03\/Affiche-TDB.jpg?resize=350%2C200&ssl=1","width":350,"height":200,"srcset":"https:\/\/i0.wp.com\/www.bressuireac.fr\/wp-content\/uploads\/2026\/03\/Affiche-TDB.jpg?resize=350%2C200&ssl=1 1x, https:\/\/i0.wp.com\/www.bressuireac.fr\/wp-content\/uploads\/2026\/03\/Affiche-TDB.jpg?resize=525%2C300&ssl=1 1.5x, https:\/\/i0.wp.com\/www.bressuireac.fr\/wp-content\/uploads\/2026\/03\/Affiche-TDB.jpg?resize=700%2C400&ssl=1 2x"},"classes":[]},{"id":195,"url":"https:\/\/www.bressuireac.fr\/?page_id=195","url_meta":{"origin":86,"position":3},"title":"29 Mars Circuit du Bocage","author":"William Huguet","date":"1 mars 2023","format":false,"excerpt":"Vous retrouverez sur cette page, toutes les informations concernant la course du 29 mars 2026 Le d\u00e9part est au Pont d'Ouit \u00e0 Bressuire. Une buvette sera \u00e9galement \u00e0 votre disposition Voici les infos de la course : Open 2-3 : Engag\u00e9s | R\u00e9sultats Access 1-2 : Engag\u00e9s | R\u00e9sultats Access\u2026","rel":"","context":"Article similaire","block_context":{"text":"Article similaire","link":""},"img":{"alt_text":"","src":"https:\/\/i0.wp.com\/www.bressuireac.fr\/wp-content\/uploads\/2026\/03\/IMG-20260302-WA0004.jpg?resize=350%2C200&ssl=1","width":350,"height":200,"srcset":"https:\/\/i0.wp.com\/www.bressuireac.fr\/wp-content\/uploads\/2026\/03\/IMG-20260302-WA0004.jpg?resize=350%2C200&ssl=1 1x, https:\/\/i0.wp.com\/www.bressuireac.fr\/wp-content\/uploads\/2026\/03\/IMG-20260302-WA0004.jpg?resize=525%2C300&ssl=1 1.5x, https:\/\/i0.wp.com\/www.bressuireac.fr\/wp-content\/uploads\/2026\/03\/IMG-20260302-WA0004.jpg?resize=700%2C400&ssl=1 2x, https:\/\/i0.wp.com\/www.bressuireac.fr\/wp-content\/uploads\/2026\/03\/IMG-20260302-WA0004.jpg?resize=1050%2C600&ssl=1 3x"},"classes":[]},{"id":53,"url":"https:\/\/www.bressuireac.fr\/?page_id=53","url_meta":{"origin":86,"position":4},"title":"Sorties","author":"William Huguet","date":"27 juillet 2022","format":false,"excerpt":"Nous sommes heureux de vous pr\u00e9senter notre calendrier perp\u00e9tuel. Vous y trouverez les sorties dominicales. Le lieu de rendez-vous est place de la gare. Les horaires des sorties : 9H00 : Janvier \/ F\u00e9vrier Octobre \/ Novembre \/ D\u00e9cembre 8H30 : Mars \/ Avril \/ Septembre 8H00 : Mai \/\u2026","rel":"","context":"Article similaire","block_context":{"text":"Article similaire","link":""},"img":{"alt_text":"","src":"https:\/\/i0.wp.com\/www.bressuireac.fr\/wp-content\/uploads\/2026\/02\/image-55.png?resize=350%2C200&ssl=1","width":350,"height":200},"classes":[]},{"id":145,"url":"https:\/\/www.bressuireac.fr\/?page_id=145","url_meta":{"origin":86,"position":5},"title":"La Boutique","author":"William Huguet","date":"11 octobre 2022","format":false,"excerpt":"Bienvenue sur la boutique officielle de Bressuire Activit\u00e9s Cyclistes.Retrouvez l\u2019ensemble de nos articles, \u00e9quipements et tenues du club sur notre page d\u00e9di\u00e9e : \u27a1\ufe0f Acc\u00e9der \u00e0 la boutique HelloAsso :https:\/\/www.helloasso.com\/associations\/bressuire-activites-cyclistes \ud83e\uddf5 Commandes de tenues cyclistes Le club organise deux commandes de tenues cyclistes par an, \u00e0 des p\u00e9riodes bien d\u00e9finies\u2026","rel":"","context":"Article similaire","block_context":{"text":"Article similaire","link":""},"img":{"alt_text":"","src":"","width":0,"height":0},"classes":[]}],"jetpack_sharing_enabled":true,"_links":{"self":[{"href":"https:\/\/www.bressuireac.fr\/index.php?rest_route=\/wp\/v2\/pages\/86","targetHints":{"allow":["GET"]}}],"collection":[{"href":"https:\/\/www.bressuireac.fr\/index.php?rest_route=\/wp\/v2\/pages"}],"about":[{"href":"https:\/\/www.bressuireac.fr\/index.php?rest_route=\/wp\/v2\/types\/page"}],"author":[{"embeddable":true,"href":"https:\/\/www.bressuireac.fr\/index.php?rest_route=\/wp\/v2\/users\/2"}],"replies":[{"embeddable":true,"href":"https:\/\/www.bressuireac.fr\/index.php?rest_route=%2Fwp%2Fv2%2Fcomments&post=86"}],"version-history":[{"count":8,"href":"https:\/\/www.bressuireac.fr\/index.php?rest_route=\/wp\/v2\/pages\/86\/revisions"}],"predecessor-version":[{"id":710,"href":"https:\/\/www.bressuireac.fr\/index.php?rest_route=\/wp\/v2\/pages\/86\/revisions\/710"}],"wp:attachment":[{"href":"https:\/\/www.bressuireac.fr\/index.php?rest_route=%2Fwp%2Fv2%2Fmedia&parent=86"}],"curies":[{"name":"wp","href":"https:\/\/api.w.org\/{rel}","templated":true}]}}