{"id":195,"date":"2023-03-01T19:11:37","date_gmt":"2023-03-01T18:11:37","guid":{"rendered":"https:\/\/www.bressuireac.fr\/?page_id=195"},"modified":"2026-03-26T21:56:40","modified_gmt":"2026-03-26T20:56:40","slug":"circuit-du-bocage","status":"publish","type":"page","link":"https:\/\/www.bressuireac.fr\/?page_id=195","title":{"rendered":"29 Mars Circuit du Bocage"},"content":{"rendered":"\n<p>Vous retrouverez sur cette page, toutes les informations concernant la course du 29 mars 2026<\/p>\n\n\n\n<p class=\"has-black-color has-text-color\">Le d\u00e9part est au Pont d&rsquo;Ouit \u00e0 Bressuire.<\/p>\n\n\n\n<p>Une buvette sera \u00e9galement \u00e0 votre disposition<\/p>\n\n\n<div class=\"wp-block-image\">\n<figure class=\"alignleft size-full is-resized\"><img data-recalc-dims=\"1\" loading=\"lazy\" decoding=\"async\" width=\"640\" height=\"940\" src=\"https:\/\/i0.wp.com\/www.bressuireac.fr\/wp-content\/uploads\/2026\/03\/IMG-20260302-WA0004.jpg?resize=640%2C940&#038;ssl=1\" alt=\"\" class=\"wp-image-646\" style=\"width:427px;height:604px\" srcset=\"https:\/\/i0.wp.com\/www.bressuireac.fr\/wp-content\/uploads\/2026\/03\/IMG-20260302-WA0004.jpg?w=1080&amp;ssl=1 1080w, https:\/\/i0.wp.com\/www.bressuireac.fr\/wp-content\/uploads\/2026\/03\/IMG-20260302-WA0004.jpg?resize=204%2C300&amp;ssl=1 204w, https:\/\/i0.wp.com\/www.bressuireac.fr\/wp-content\/uploads\/2026\/03\/IMG-20260302-WA0004.jpg?resize=697%2C1024&amp;ssl=1 697w, https:\/\/i0.wp.com\/www.bressuireac.fr\/wp-content\/uploads\/2026\/03\/IMG-20260302-WA0004.jpg?resize=768%2C1129&amp;ssl=1 768w, https:\/\/i0.wp.com\/www.bressuireac.fr\/wp-content\/uploads\/2026\/03\/IMG-20260302-WA0004.jpg?resize=1045%2C1536&amp;ssl=1 1045w\" sizes=\"auto, (max-width: 640px) 100vw, 640px\" \/><\/figure>\n<\/div>\n\n\n<p><strong>Voici les infos de la course : <\/strong><\/p>\n\n\n\n<p><\/p>\n\n\n\n<p>Open 2-3 : <a href=\"https:\/\/www.bressuireac.fr\/wp-content\/uploads\/2026\/03\/OPEN23.pdf\">Engag\u00e9s<\/a> | R\u00e9sultats<\/p>\n\n\n\n<p>Access 1-2 : <a href=\"https:\/\/www.bressuireac.fr\/wp-content\/uploads\/2026\/03\/ACCESS12.pdf\" type=\"link\" id=\"https:\/\/www.bressuireac.fr\/wp-content\/uploads\/2026\/03\/ACCESS12.pdf\">Engag\u00e9s<\/a> | R\u00e9sultats<\/p>\n\n\n\n<p>Access 3-4 : <a href=\"https:\/\/www.bressuireac.fr\/wp-content\/uploads\/2026\/03\/ACCESS34.pdf\" type=\"link\" id=\"https:\/\/www.bressuireac.fr\/wp-content\/uploads\/2026\/03\/ACCESS34.pdf\">Engag\u00e9s<\/a> | R\u00e9sultats<\/p>\n\n\n\n<p><\/p>\n\n\n\n<figure class=\"wp-block-image size-large is-resized\"><img data-recalc-dims=\"1\" loading=\"lazy\" decoding=\"async\" width=\"640\" height=\"640\" src=\"https:\/\/i0.wp.com\/www.bressuireac.fr\/wp-content\/uploads\/2023\/03\/334957287_900746921173131_5050122786809122652_n.jpg?resize=640%2C640&#038;ssl=1\" alt=\"\" class=\"wp-image-248\" style=\"width:429px;height:auto\" srcset=\"https:\/\/i0.wp.com\/www.bressuireac.fr\/wp-content\/uploads\/2023\/03\/334957287_900746921173131_5050122786809122652_n.jpg?resize=1024%2C1024&amp;ssl=1 1024w, https:\/\/i0.wp.com\/www.bressuireac.fr\/wp-content\/uploads\/2023\/03\/334957287_900746921173131_5050122786809122652_n.jpg?resize=300%2C300&amp;ssl=1 300w, https:\/\/i0.wp.com\/www.bressuireac.fr\/wp-content\/uploads\/2023\/03\/334957287_900746921173131_5050122786809122652_n.jpg?resize=150%2C150&amp;ssl=1 150w, https:\/\/i0.wp.com\/www.bressuireac.fr\/wp-content\/uploads\/2023\/03\/334957287_900746921173131_5050122786809122652_n.jpg?resize=768%2C768&amp;ssl=1 768w, https:\/\/i0.wp.com\/www.bressuireac.fr\/wp-content\/uploads\/2023\/03\/334957287_900746921173131_5050122786809122652_n.jpg?w=1080&amp;ssl=1 1080w\" sizes=\"auto, (max-width: 640px) 100vw, 640px\" \/><\/figure>\n","protected":false},"excerpt":{"rendered":"<p>Vous retrouverez sur cette page, toutes les informations concernant la course du 29 mars 2026 Le d\u00e9part est au Pont d&rsquo;Ouit \u00e0 Bressuire. Une buvette sera \u00e9galement \u00e0 votre disposition Voici les infos de la course : Open 2-3 : Engag\u00e9s | R\u00e9sultats Access 1-2 : Engag\u00e9s | R\u00e9sultats Access 3-4 : Engag\u00e9s | R\u00e9sultats<\/p>\n","protected":false},"author":2,"featured_media":0,"parent":0,"menu_order":0,"comment_status":"closed","ping_status":"closed","template":"","meta":{"footnotes":""},"class_list":["post-195","page","type-page","status-publish","hentry"],"yoast_head":"<!-- This site is optimized with the Yoast SEO plugin v27.3 - https:\/\/yoast.com\/product\/yoast-seo-wordpress\/ -->\n<title>29 Mars Circuit du Bocage - Bressuire Activit\u00e9s Cyclistes<\/title>\n<meta name=\"description\" content=\"Course cycliste le Circuit du Bocage \u00e0 Bressuire le dimanche 24 mars 2024 cat\u00e9gories Open 2-3 ainsi qu&#039;access 1-2 et 3-4. Changement du site d&#039;arriv\u00e9e (plus de renseignements sur la page)\" \/>\n<meta name=\"robots\" content=\"index, follow, max-snippet:-1, max-image-preview:large, max-video-preview:-1\" \/>\n<link rel=\"canonical\" href=\"https:\/\/www.bressuireac.fr\/?page_id=195\" \/>\n<meta property=\"og:locale\" content=\"fr_FR\" \/>\n<meta property=\"og:type\" content=\"article\" \/>\n<meta property=\"og:title\" content=\"29 Mars Circuit du Bocage - Bressuire Activit\u00e9s Cyclistes\" \/>\n<meta property=\"og:description\" content=\"Course cycliste le Circuit du Bocage \u00e0 Bressuire le dimanche 24 mars 2024 cat\u00e9gories Open 2-3 ainsi qu&#039;access 1-2 et 3-4. Changement du site d&#039;arriv\u00e9e (plus de renseignements sur la page)\" \/>\n<meta property=\"og:url\" content=\"https:\/\/www.bressuireac.fr\/?page_id=195\" \/>\n<meta property=\"og:site_name\" content=\"Bressuire Activit\u00e9s Cyclistes\" \/>\n<meta property=\"article:publisher\" content=\"https:\/\/www.facebook.com\/BACjauneetbleu\/\" \/>\n<meta property=\"article:modified_time\" content=\"2026-03-26T20:56:40+00:00\" \/>\n<meta property=\"og:image\" content=\"https:\/\/www.bressuireac.fr\/wp-content\/uploads\/2026\/03\/IMG-20260302-WA0004.jpg\" \/>\n<meta name=\"twitter:card\" content=\"summary_large_image\" \/>\n<meta name=\"twitter:label1\" content=\"Dur\u00e9e de lecture estim\u00e9e\" \/>\n\t<meta name=\"twitter:data1\" content=\"1 minute\" \/>\n<script type=\"application\/ld+json\" class=\"yoast-schema-graph\">{\"@context\":\"https:\\\/\\\/schema.org\",\"@graph\":[{\"@type\":\"WebPage\",\"@id\":\"https:\\\/\\\/www.bressuireac.fr\\\/?page_id=195\",\"url\":\"https:\\\/\\\/www.bressuireac.fr\\\/?page_id=195\",\"name\":\"29 Mars Circuit du Bocage - Bressuire Activit\u00e9s Cyclistes\",\"isPartOf\":{\"@id\":\"https:\\\/\\\/www.bressuireac.fr\\\/#website\"},\"primaryImageOfPage\":{\"@id\":\"https:\\\/\\\/www.bressuireac.fr\\\/?page_id=195#primaryimage\"},\"image\":{\"@id\":\"https:\\\/\\\/www.bressuireac.fr\\\/?page_id=195#primaryimage\"},\"thumbnailUrl\":\"https:\\\/\\\/www.bressuireac.fr\\\/wp-content\\\/uploads\\\/2026\\\/03\\\/IMG-20260302-WA0004.jpg\",\"datePublished\":\"2023-03-01T18:11:37+00:00\",\"dateModified\":\"2026-03-26T20:56:40+00:00\",\"description\":\"Course cycliste le Circuit du Bocage \u00e0 Bressuire le dimanche 24 mars 2024 cat\u00e9gories Open 2-3 ainsi qu'access 1-2 et 3-4. Changement du site d'arriv\u00e9e (plus de renseignements sur la page)\",\"breadcrumb\":{\"@id\":\"https:\\\/\\\/www.bressuireac.fr\\\/?page_id=195#breadcrumb\"},\"inLanguage\":\"fr-FR\",\"potentialAction\":[{\"@type\":\"ReadAction\",\"target\":[\"https:\\\/\\\/www.bressuireac.fr\\\/?page_id=195\"]}]},{\"@type\":\"ImageObject\",\"inLanguage\":\"fr-FR\",\"@id\":\"https:\\\/\\\/www.bressuireac.fr\\\/?page_id=195#primaryimage\",\"url\":\"https:\\\/\\\/i0.wp.com\\\/www.bressuireac.fr\\\/wp-content\\\/uploads\\\/2026\\\/03\\\/IMG-20260302-WA0004.jpg?fit=1080%2C1587&ssl=1\",\"contentUrl\":\"https:\\\/\\\/i0.wp.com\\\/www.bressuireac.fr\\\/wp-content\\\/uploads\\\/2026\\\/03\\\/IMG-20260302-WA0004.jpg?fit=1080%2C1587&ssl=1\",\"width\":1080,\"height\":1587},{\"@type\":\"BreadcrumbList\",\"@id\":\"https:\\\/\\\/www.bressuireac.fr\\\/?page_id=195#breadcrumb\",\"itemListElement\":[{\"@type\":\"ListItem\",\"position\":1,\"name\":\"Accueil\",\"item\":\"https:\\\/\\\/www.bressuireac.fr\\\/\"},{\"@type\":\"ListItem\",\"position\":2,\"name\":\"29 Mars Circuit du Bocage\"}]},{\"@type\":\"WebSite\",\"@id\":\"https:\\\/\\\/www.bressuireac.fr\\\/#website\",\"url\":\"https:\\\/\\\/www.bressuireac.fr\\\/\",\"name\":\"Bressuire Activit\u00e9s Cyclistes\",\"description\":\"\",\"publisher\":{\"@id\":\"https:\\\/\\\/www.bressuireac.fr\\\/#organization\"},\"potentialAction\":[{\"@type\":\"SearchAction\",\"target\":{\"@type\":\"EntryPoint\",\"urlTemplate\":\"https:\\\/\\\/www.bressuireac.fr\\\/?s={search_term_string}\"},\"query-input\":{\"@type\":\"PropertyValueSpecification\",\"valueRequired\":true,\"valueName\":\"search_term_string\"}}],\"inLanguage\":\"fr-FR\"},{\"@type\":\"Organization\",\"@id\":\"https:\\\/\\\/www.bressuireac.fr\\\/#organization\",\"name\":\"BRESSUIRE ACTIVITES CYCLISTES\",\"url\":\"https:\\\/\\\/www.bressuireac.fr\\\/\",\"logo\":{\"@type\":\"ImageObject\",\"inLanguage\":\"fr-FR\",\"@id\":\"https:\\\/\\\/www.bressuireac.fr\\\/#\\\/schema\\\/logo\\\/image\\\/\",\"url\":\"https:\\\/\\\/www.bressuireac.fr\\\/wp-content\\\/uploads\\\/2022\\\/07\\\/BAC_Logo_Couleur.png\",\"contentUrl\":\"https:\\\/\\\/www.bressuireac.fr\\\/wp-content\\\/uploads\\\/2022\\\/07\\\/BAC_Logo_Couleur.png\",\"width\":542,\"height\":348,\"caption\":\"BRESSUIRE ACTIVITES CYCLISTES\"},\"image\":{\"@id\":\"https:\\\/\\\/www.bressuireac.fr\\\/#\\\/schema\\\/logo\\\/image\\\/\"},\"sameAs\":[\"https:\\\/\\\/www.facebook.com\\\/BACjauneetbleu\\\/\",\"https:\\\/\\\/www.instagram.com\\\/bressuire_ac\\\/\"]}]}<\/script>\n<!-- \/ Yoast SEO plugin. -->","yoast_head_json":{"title":"29 Mars Circuit du Bocage - Bressuire Activit\u00e9s Cyclistes","description":"Course cycliste le Circuit du Bocage \u00e0 Bressuire le dimanche 24 mars 2024 cat\u00e9gories Open 2-3 ainsi qu'access 1-2 et 3-4. Changement du site d'arriv\u00e9e (plus de renseignements sur la page)","robots":{"index":"index","follow":"follow","max-snippet":"max-snippet:-1","max-image-preview":"max-image-preview:large","max-video-preview":"max-video-preview:-1"},"canonical":"https:\/\/www.bressuireac.fr\/?page_id=195","og_locale":"fr_FR","og_type":"article","og_title":"29 Mars Circuit du Bocage - Bressuire Activit\u00e9s Cyclistes","og_description":"Course cycliste le Circuit du Bocage \u00e0 Bressuire le dimanche 24 mars 2024 cat\u00e9gories Open 2-3 ainsi qu'access 1-2 et 3-4. Changement du site d'arriv\u00e9e (plus de renseignements sur la page)","og_url":"https:\/\/www.bressuireac.fr\/?page_id=195","og_site_name":"Bressuire Activit\u00e9s Cyclistes","article_publisher":"https:\/\/www.facebook.com\/BACjauneetbleu\/","article_modified_time":"2026-03-26T20:56:40+00:00","og_image":[{"url":"https:\/\/www.bressuireac.fr\/wp-content\/uploads\/2026\/03\/IMG-20260302-WA0004.jpg","type":"","width":"","height":""}],"twitter_card":"summary_large_image","twitter_misc":{"Dur\u00e9e de lecture estim\u00e9e":"1 minute"},"schema":{"@context":"https:\/\/schema.org","@graph":[{"@type":"WebPage","@id":"https:\/\/www.bressuireac.fr\/?page_id=195","url":"https:\/\/www.bressuireac.fr\/?page_id=195","name":"29 Mars Circuit du Bocage - Bressuire Activit\u00e9s Cyclistes","isPartOf":{"@id":"https:\/\/www.bressuireac.fr\/#website"},"primaryImageOfPage":{"@id":"https:\/\/www.bressuireac.fr\/?page_id=195#primaryimage"},"image":{"@id":"https:\/\/www.bressuireac.fr\/?page_id=195#primaryimage"},"thumbnailUrl":"https:\/\/www.bressuireac.fr\/wp-content\/uploads\/2026\/03\/IMG-20260302-WA0004.jpg","datePublished":"2023-03-01T18:11:37+00:00","dateModified":"2026-03-26T20:56:40+00:00","description":"Course cycliste le Circuit du Bocage \u00e0 Bressuire le dimanche 24 mars 2024 cat\u00e9gories Open 2-3 ainsi qu'access 1-2 et 3-4. Changement du site d'arriv\u00e9e (plus de renseignements sur la page)","breadcrumb":{"@id":"https:\/\/www.bressuireac.fr\/?page_id=195#breadcrumb"},"inLanguage":"fr-FR","potentialAction":[{"@type":"ReadAction","target":["https:\/\/www.bressuireac.fr\/?page_id=195"]}]},{"@type":"ImageObject","inLanguage":"fr-FR","@id":"https:\/\/www.bressuireac.fr\/?page_id=195#primaryimage","url":"https:\/\/i0.wp.com\/www.bressuireac.fr\/wp-content\/uploads\/2026\/03\/IMG-20260302-WA0004.jpg?fit=1080%2C1587&ssl=1","contentUrl":"https:\/\/i0.wp.com\/www.bressuireac.fr\/wp-content\/uploads\/2026\/03\/IMG-20260302-WA0004.jpg?fit=1080%2C1587&ssl=1","width":1080,"height":1587},{"@type":"BreadcrumbList","@id":"https:\/\/www.bressuireac.fr\/?page_id=195#breadcrumb","itemListElement":[{"@type":"ListItem","position":1,"name":"Accueil","item":"https:\/\/www.bressuireac.fr\/"},{"@type":"ListItem","position":2,"name":"29 Mars Circuit du Bocage"}]},{"@type":"WebSite","@id":"https:\/\/www.bressuireac.fr\/#website","url":"https:\/\/www.bressuireac.fr\/","name":"Bressuire Activit\u00e9s Cyclistes","description":"","publisher":{"@id":"https:\/\/www.bressuireac.fr\/#organization"},"potentialAction":[{"@type":"SearchAction","target":{"@type":"EntryPoint","urlTemplate":"https:\/\/www.bressuireac.fr\/?s={search_term_string}"},"query-input":{"@type":"PropertyValueSpecification","valueRequired":true,"valueName":"search_term_string"}}],"inLanguage":"fr-FR"},{"@type":"Organization","@id":"https:\/\/www.bressuireac.fr\/#organization","name":"BRESSUIRE ACTIVITES CYCLISTES","url":"https:\/\/www.bressuireac.fr\/","logo":{"@type":"ImageObject","inLanguage":"fr-FR","@id":"https:\/\/www.bressuireac.fr\/#\/schema\/logo\/image\/","url":"https:\/\/www.bressuireac.fr\/wp-content\/uploads\/2022\/07\/BAC_Logo_Couleur.png","contentUrl":"https:\/\/www.bressuireac.fr\/wp-content\/uploads\/2022\/07\/BAC_Logo_Couleur.png","width":542,"height":348,"caption":"BRESSUIRE ACTIVITES CYCLISTES"},"image":{"@id":"https:\/\/www.bressuireac.fr\/#\/schema\/logo\/image\/"},"sameAs":["https:\/\/www.facebook.com\/BACjauneetbleu\/","https:\/\/www.instagram.com\/bressuire_ac\/"]}]}},"jetpack-related-posts":[{"id":86,"url":"https:\/\/www.bressuireac.fr\/?page_id=86","url_meta":{"origin":195,"position":0},"title":"Bressuire                                                                                     Souvenir David Magnie                                  3\u00eame manche Tour de l&rsquo;Avenir Bocain","author":"William Huguet","date":"28 juillet 2022","format":false,"excerpt":"Voici les r\u00e9sultats des diff\u00e9rentes courses ci dessous :","rel":"","context":"Article similaire","block_context":{"text":"Article similaire","link":""},"img":{"alt_text":"","src":"","width":0,"height":0},"classes":[]},{"id":145,"url":"https:\/\/www.bressuireac.fr\/?page_id=145","url_meta":{"origin":195,"position":1},"title":"La Boutique","author":"William Huguet","date":"11 octobre 2022","format":false,"excerpt":"Bienvenue sur la boutique officielle de Bressuire Activit\u00e9s Cyclistes.Retrouvez l\u2019ensemble de nos articles, \u00e9quipements et tenues du club sur notre page d\u00e9di\u00e9e : \u27a1\ufe0f Acc\u00e9der \u00e0 la boutique HelloAsso :https:\/\/www.helloasso.com\/associations\/bressuire-activites-cyclistes \ud83e\uddf5 Commandes de tenues cyclistes Le club organise deux commandes de tenues cyclistes par an, \u00e0 des p\u00e9riodes bien d\u00e9finies\u2026","rel":"","context":"Article similaire","block_context":{"text":"Article similaire","link":""},"img":{"alt_text":"","src":"","width":0,"height":0},"classes":[]},{"id":53,"url":"https:\/\/www.bressuireac.fr\/?page_id=53","url_meta":{"origin":195,"position":2},"title":"Sorties","author":"William Huguet","date":"27 juillet 2022","format":false,"excerpt":"Nous sommes heureux de vous pr\u00e9senter notre calendrier perp\u00e9tuel. Vous y trouverez les sorties dominicales. Le lieu de rendez-vous est place de la gare. Les horaires des sorties : 9H00 : Janvier \/ F\u00e9vrier Octobre \/ Novembre \/ D\u00e9cembre 8H30 : Mars \/ Avril \/ Septembre 8H00 : Mai \/\u2026","rel":"","context":"Article similaire","block_context":{"text":"Article similaire","link":""},"img":{"alt_text":"","src":"https:\/\/i0.wp.com\/www.bressuireac.fr\/wp-content\/uploads\/2026\/02\/image-55.png?resize=350%2C200&ssl=1","width":350,"height":200},"classes":[]}],"jetpack_sharing_enabled":true,"_links":{"self":[{"href":"https:\/\/www.bressuireac.fr\/index.php?rest_route=\/wp\/v2\/pages\/195","targetHints":{"allow":["GET"]}}],"collection":[{"href":"https:\/\/www.bressuireac.fr\/index.php?rest_route=\/wp\/v2\/pages"}],"about":[{"href":"https:\/\/www.bressuireac.fr\/index.php?rest_route=\/wp\/v2\/types\/page"}],"author":[{"embeddable":true,"href":"https:\/\/www.bressuireac.fr\/index.php?rest_route=\/wp\/v2\/users\/2"}],"replies":[{"embeddable":true,"href":"https:\/\/www.bressuireac.fr\/index.php?rest_route=%2Fwp%2Fv2%2Fcomments&post=195"}],"version-history":[{"count":19,"href":"https:\/\/www.bressuireac.fr\/index.php?rest_route=\/wp\/v2\/pages\/195\/revisions"}],"predecessor-version":[{"id":732,"href":"https:\/\/www.bressuireac.fr\/index.php?rest_route=\/wp\/v2\/pages\/195\/revisions\/732"}],"wp:attachment":[{"href":"https:\/\/www.bressuireac.fr\/index.php?rest_route=%2Fwp%2Fv2%2Fmedia&parent=195"}],"curies":[{"name":"wp","href":"https:\/\/api.w.org\/{rel}","templated":true}]}}